{"id":29,"date":"2009-07-07T10:27:35","date_gmt":"2009-07-07T08:27:35","guid":{"rendered":"http:\/\/www.sportverband-detmold.de\/neu\/?page_id=29"},"modified":"2026-03-31T10:11:30","modified_gmt":"2026-03-31T08:11:30","slug":"vorstand","status":"publish","type":"page","link":"https:\/\/www.sportverband-detmold.de\/?page_id=29","title":{"rendered":"Vorstand"},"content":{"rendered":"<p style=\"text-align: center;\"><strong>Vorstand im Sportverband Detmold e.V.<\/strong><\/p>\n<p>&nbsp;<\/p>\n<p><em>HINWEIS:<\/em> <em>Aufgrund des derzeit hohen Aufkommens an Spam- und Betrugsmails bitten wir Sie, f\u00fcr die Kontaktaufnahme per E-Mail vor\u00fcbergehend bevorzugt unser Kontaktformular auf der Homepage zu nutzen. Alternativ k\u00f6nnen Sie uns auch direkt unter <a href=\"mailto:Kontakt@sportverband-detmold.de\">Kontakt@sportverband-detmold.de<\/a> erreichen.<\/em><\/p>\n<table style=\"height: 1476px;\" border=\"0\" width=\"500\">\n<tbody>\n<tr>\n<td><strong>Carsten Lemm<br \/>\nVorsitzender<\/strong><\/p>\n<ul>\n<li>Repr\u00e4sentant<\/li>\n<li>Kontakt Politik und Verwaltung<\/li>\n<li>Sitzungsleiter<\/li>\n<\/ul>\n<p>&nbsp;<\/td>\n<td><img loading=\"lazy\" decoding=\"async\" class=\"aligncenter wp-image-5444 size-full\" src=\"https:\/\/www.sportverband-detmold.de\/wp-content\/uploads\/2018\/11\/lemm.jpg\" alt=\"\" width=\"120\" height=\"160\" \/><\/td>\n<td>Tel. 0151-28828135<br \/>\nMail:<br \/>\n<a href=\"mailto:kontakt@sportverband-detmold.de\">kontakt@sportverband-detmold.de<\/a><\/td>\n<\/tr>\n<tr>\n<td><strong>Mohamed Ali Ben Ayed<br \/>\nGesch\u00e4ftsf\u00fchrung<\/strong>\n<\/td>\n<td>&nbsp;<\/td>\n<td>Tel. 0151-72882881<br \/>\nMail:<br \/>\n<a href=\"mailto:mbenayed@sportverband-detmold.de\">mbenayed@sportverband-detmold.de<\/a><\/td>\n<\/tr>\n<tr>\n<td><strong>Marc-Oliver Schuster<br \/>\nGesch\u00e4ftsf\u00fchrung<\/strong><\/p>\n<\/td>\n<td>&nbsp;<\/td>\n<td>Tel. folgt in K\u00fcrze<br \/>\nMail:<br \/>\n<a href=\"mailto:mschuster@sportverband-detmold.de\">mschuster@sportverband-detmold.de<\/a><\/td>\n<\/tr>\n<tr>\n<td><strong>Stefanie J\u00e4ger<br \/>\nKassenwartin<\/strong><\/p>\n<ul>\n<li>Finanzen\/Kasse<\/li>\n<\/ul>\n<\/td>\n<td><img loading=\"lazy\" decoding=\"async\" class=\"aligncenter size-full wp-image-2333\" src=\"https:\/\/www.sportverband-detmold.de\/wp-content\/uploads\/2009\/07\/DSC_0003.jpg\" alt=\"DSC_0003\" width=\"120\" height=\"160\" \/><\/td>\n<td>Tel. 0174-1894984<br \/>\nMail:<br \/>\n<a href=\"mailto:kontakt@sportverband-detmold.de\">kontakt@sportverband-detmold.de<\/a><\/td>\n<\/tr>\n<tr>\n<td><strong>Dirk Mahlitz<br \/>\nstellv. Vorsitzender<\/strong><\/p>\n<ul>\n<li>Stadtmeisterschaften<\/li>\n<\/ul>\n<\/td>\n<td><a href=\"https:\/\/www.sportverband-detmold.de\/wp-content\/uploads\/2009\/07\/Dirk-Mahlitz-002.jpg\"><img loading=\"lazy\" decoding=\"async\" class=\"aligncenter size-full wp-image-1069\" title=\"Dirk Mahlitz 002\" src=\"https:\/\/www.sportverband-detmold.de\/wp-content\/uploads\/2009\/07\/Dirk-Mahlitz-002.jpg\" alt=\"\" width=\"120\" height=\"160\" \/><\/a><\/td>\n<td>Tel. 0160-96627647<br \/>\nMail:<br \/>\n<a href=\"mailto:kontakt@sportverband-detmold.de\">kontakt@sportverband-detmold.de<\/a><\/td>\n<\/tr>\n<tr>\n<td><strong>Arnold Bauer<br \/>\nSportabzeichenfachwart<\/strong><\/p>\n<ul>\n<li>Sportabzeichen<\/li>\n<\/ul>\n<\/td>\n<td><img loading=\"lazy\" decoding=\"async\" class=\"aligncenter wp-image-2295 size-full\" src=\"https:\/\/www.sportverband-detmold.de\/wp-content\/uploads\/2009\/07\/Arnold-Bauer-Portrait.jpg\" alt=\"Arnold Bauer Portrait\" width=\"120\" height=\"180\" \/><\/td>\n<td>Tel. 05252-54237<br \/>\nMail:<br \/>\n<a href=\"mailto:kontakt@sportverband-detmold.de\">kontakt@sportverband-detmold.de<\/a><\/td>\n<\/tr>\n<tr>\n<td><strong>Detlef Schr\u00f6der<br \/>\nVorsitzender der Sportjugend<\/strong><\/p>\n<ul>\n<li>Kinder- und Jugendsport<\/li>\n<li>Stadtmeisterschaften Jugend<\/li>\n<li>Sports4Kids<\/li>\n<\/ul>\n<\/td>\n<td><img loading=\"lazy\" decoding=\"async\" class=\"aligncenter size-full wp-image-914\" title=\"DSchroeder2011\" src=\"https:\/\/www.sportverband-detmold.de\/wp-content\/uploads\/2009\/07\/DSchroeder2011.jpg\" alt=\"\" width=\"120\" height=\"160\" \/><\/td>\n<td>Tel. 05231-3031407<br \/>\nMail:<br \/>\n<a href=\"mailto:kontakt@sportverband-detmold.de\">kontakt@sportverband-detmold.de<\/a><\/td>\n<\/tr>\n<tr>\n<td><strong>Norbert von Dahlen<br \/>\nReferent f\u00fcr \u00d6ffentlichkeitsarbeit und Integrationsbeauftragter<\/strong><\/td>\n<td><a href=\"https:\/\/www.sportverband-detmold.de\/wp-content\/uploads\/2009\/07\/dahlen.jpg\" rel=\"attachment wp-att-2788\"><img loading=\"lazy\" decoding=\"async\" class=\"aligncenter wp-image-4529 size-full\" src=\"https:\/\/www.sportverband-detmold.de\/wp-content\/uploads\/2009\/07\/dahlen.jpg\" alt=\"\" width=\"120\" height=\"180\" \/><\/a><\/td>\n<td>Tel. 05231-34056<br \/>\nMail:<br \/>\n<a href=\"mailto:kontakt@sportverband-detmold.de\">kontakt@sportverband-detmold.de<\/a><\/td>\n<\/tr>\n<tr>\n<td><strong>Ulrich We\u00df-Wesner<br \/>\nFSJ-Einsatz<br \/>\nstellv. Kassenwart<br \/>\n<\/strong><\/td>\n<td><a href=\"https:\/\/www.sportverband-detmold.de\/wp-content\/uploads\/2018\/07\/wess.jpg\"><img loading=\"lazy\" decoding=\"async\" class=\"aligncenter size-full wp-image-5212\" src=\"https:\/\/www.sportverband-detmold.de\/wp-content\/uploads\/2018\/07\/wess.jpg\" alt=\"\" width=\"120\" height=\"180\" \/><\/a><\/td>\n<td>Tel. 0171-3156869<br \/>\nMail:<br \/>\n<a href=\"mailto:kontakt@sportverband-detmold.de\">kontakt@sportverband-detmold.de<\/a><\/td>\n<\/tr>\n<tr>\n<td><strong>Karl-Heinz Danger<br \/>\nEhrenvorsitzender<br \/>\n<\/strong><\/td>\n<td><img loading=\"lazy\" decoding=\"async\" class=\"aligncenter size-full wp-image-57\" title=\"danger\" src=\"https:\/\/www.sportverband-detmold.de\/wp-content\/uploads\/2009\/07\/danger.jpg\" alt=\"danger\" width=\"120\" height=\"160\" \/><\/td>\n<td>Tel. 0171-1436350<br \/>\nMail:<br \/>\n<a href=\"mailto:khdanger@t-online.de\">khdanger@t-online.de<\/a><\/td>\n<\/tr>\n<tr>\n<td><strong>\u00a0<\/strong><\/td>\n<td><\/td>\n<td><\/td>\n<\/tr>\n<\/tbody>\n<\/table>\n","protected":false},"excerpt":{"rendered":"<p>Vorstand im Sportverband Detmold e.V. &nbsp; HINWEIS: Aufgrund des derzeit hohen Aufkommens an Spam- und Betrugsmails bitten wir Sie, f\u00fcr die Kontaktaufnahme per E-Mail vor\u00fcbergehend bevorzugt unser Kontaktformular auf der Homepage zu nutzen. Alternativ&#46;&#46;&#46;<\/p>\n","protected":false},"author":1,"featured_media":0,"parent":0,"menu_order":0,"comment_status":"closed","ping_status":"closed","template":"","meta":{"footnotes":""},"class_list":["post-29","page","type-page","status-publish","hentry"],"_links":{"self":[{"href":"https:\/\/www.sportverband-detmold.de\/index.php?rest_route=\/wp\/v2\/pages\/29","targetHints":{"allow":["GET"]}}],"collection":[{"href":"https:\/\/www.sportverband-detmold.de\/index.php?rest_route=\/wp\/v2\/pages"}],"about":[{"href":"https:\/\/www.sportverband-detmold.de\/index.php?rest_route=\/wp\/v2\/types\/page"}],"author":[{"embeddable":true,"href":"https:\/\/www.sportverband-detmold.de\/index.php?rest_route=\/wp\/v2\/users\/1"}],"replies":[{"embeddable":true,"href":"https:\/\/www.sportverband-detmold.de\/index.php?rest_route=%2Fwp%2Fv2%2Fcomments&post=29"}],"version-history":[{"count":166,"href":"https:\/\/www.sportverband-detmold.de\/index.php?rest_route=\/wp\/v2\/pages\/29\/revisions"}],"predecessor-version":[{"id":20489,"href":"https:\/\/www.sportverband-detmold.de\/index.php?rest_route=\/wp\/v2\/pages\/29\/revisions\/20489"}],"wp:attachment":[{"href":"https:\/\/www.sportverband-detmold.de\/index.php?rest_route=%2Fwp%2Fv2%2Fmedia&parent=29"}],"curies":[{"name":"wp","href":"https:\/\/api.w.org\/{rel}","templated":true}]}}