{"id":19069,"date":"2024-04-23T10:46:02","date_gmt":"2024-04-23T08:46:02","guid":{"rendered":"https:\/\/www.sportverband-detmold.de\/?page_id=19069"},"modified":"2024-05-03T11:25:41","modified_gmt":"2024-05-03T09:25:41","slug":"heimspiel-owl-deine-anlaufstelle-fuer-sport-in-detmold","status":"publish","type":"page","link":"https:\/\/www.sportverband-detmold.de\/?page_id=19069","title":{"rendered":"Heimspiel-OWL: Deine Anlaufstelle f\u00fcr Sport in Detmold"},"content":{"rendered":"<p style=\"font-weight: 400;\"><a href=\"https:\/\/www.sportverband-detmold.de\/wp-content\/uploads\/2024\/04\/Logo-Vereinshaus.png\"><img loading=\"lazy\" decoding=\"async\" class=\"alignright wp-image-19070\" src=\"https:\/\/www.sportverband-detmold.de\/wp-content\/uploads\/2024\/04\/Logo-Vereinshaus-300x136.png\" alt=\"\" width=\"450\" height=\"205\" srcset=\"https:\/\/www.sportverband-detmold.de\/wp-content\/uploads\/2024\/04\/Logo-Vereinshaus-300x136.png 300w, https:\/\/www.sportverband-detmold.de\/wp-content\/uploads\/2024\/04\/Logo-Vereinshaus.png 730w\" sizes=\"auto, (max-width: 450px) 100vw, 450px\" \/><\/a>Willkommen beim Sporthaus-OWL, deiner Anlaufstelle f\u00fcr alles rund um den Sport in Detmold. Wir bieten eine breite Palette von Dienstleistungen f\u00fcr Sportvereine und Sportbegeisterte an, darunter:<\/p>\n<ul style=\"font-weight: 400;\">\n<li>Beratung f\u00fcr Sportvereine und Sportangebote f\u00fcr Detmolder\/innen<\/li>\n<li>Organisation von Events<\/li>\n<li>Ticketing f\u00fcr Sportveranstaltungen in OWL<\/li>\n<li>Merchandising mit einer Auswahl an hochwertigen Produkten<\/li>\n<li>Beratung zu inklusiven Sportangeboten<\/li>\n<\/ul>\n<p>Pressemitteilung zur Er\u00f6ffnung: <a href=\"https:\/\/www.sportverband-detmold.de\/?p=19118\">hier klicken.<\/a><\/p>\n<p><strong>\u00d6ffnungszeiten:<\/strong><br \/>\n<em>Mo: geschlossen<\/em><br \/>\n<em>Di: 10 bis 18 Uhr<\/em><br \/>\n<em>Mi: geschlossen<\/em><br \/>\n<em>Do: 10 bis 18 Uhr<\/em><br \/>\n<em>Fr: 10 bis 18 Uhr<\/em><br \/>\n<em>Sa: 10 bis 13 Uhr<\/em><\/p>\n<p style=\"font-weight: 400;\"><strong>Unsere Kooperationen:<\/strong><\/p>\n<ul style=\"font-weight: 400;\">\n<li><a href=\"https:\/\/www.scp07.de\/\" target=\"_blank\" rel=\"noopener\">SC Paderborn 07<\/a><\/li>\n<li><a href=\"https:\/\/www.arminia.de\/\" target=\"_blank\" rel=\"noopener\">DSC Arminia Bielefeld<\/a><\/li>\n<li><a href=\"https:\/\/www.tbv-lemgo-lippe.de\/\" target=\"_blank\" rel=\"noopener\">TBV Lemgo Lippe<\/a><\/li>\n<li><a href=\"https:\/\/hsg-blomberg-lippe.de\/\" target=\"_blank\" rel=\"noopener\">HSG Blomberg-Lippe<\/a><\/li>\n<li><a href=\"https:\/\/www.sportverband-detmold.de\/\" target=\"_blank\" rel=\"noopener\">Sportverband Detmold e.V.<\/a><\/li>\n<li><a href=\"https:\/\/www.detmold.de\/\" target=\"_blank\" rel=\"noopener\">Stadt Detmold<\/a><\/li>\n<li><a href=\"https:\/\/www.buergerstiftung-detmold.de\/\" target=\"_blank\" rel=\"noopener\">B\u00fcrgerstiftung Detmold<\/a><\/li>\n<\/ul>\n\n\t\t<style>\n\t\t\t#gallery-1 {\n\t\t\t\tmargin: auto;\n\t\t\t}\n\t\t\t#gallery-1 .gallery-item {\n\t\t\t\tfloat: left;\n\t\t\t\tmargin-top: 10px;\n\t\t\t\ttext-align: center;\n\t\t\t\twidth: 25%;\n\t\t\t}\n\t\t\t#gallery-1 img {\n\t\t\t\tborder: 2px solid #cfcfcf;\n\t\t\t}\n\t\t\t#gallery-1 .gallery-caption {\n\t\t\t\tmargin-left: 0;\n\t\t\t}\n\t\t\t\/* see gallery_shortcode() in wp-includes\/media.php *\/\n\t\t<\/style>\n\t\t<div id='gallery-1' class='gallery galleryid-19069 gallery-columns-4 gallery-size-thumbnail'><dl class='gallery-item'>\n\t\t\t<dt class='gallery-icon landscape'>\n\t\t\t\t<img loading=\"lazy\" decoding=\"async\" width=\"150\" height=\"150\" src=\"https:\/\/www.sportverband-detmold.de\/wp-content\/uploads\/2024\/04\/logo_tbv-150x150.png\" class=\"attachment-thumbnail size-thumbnail\" alt=\"\" srcset=\"https:\/\/www.sportverband-detmold.de\/wp-content\/uploads\/2024\/04\/logo_tbv-150x150.png 150w, https:\/\/www.sportverband-detmold.de\/wp-content\/uploads\/2024\/04\/logo_tbv-300x300.png 300w, https:\/\/www.sportverband-detmold.de\/wp-content\/uploads\/2024\/04\/logo_tbv-80x80.png 80w, https:\/\/www.sportverband-detmold.de\/wp-content\/uploads\/2024\/04\/logo_tbv-320x320.png 320w, https:\/\/www.sportverband-detmold.de\/wp-content\/uploads\/2024\/04\/logo_tbv.png 500w\" sizes=\"auto, (max-width: 150px) 100vw, 150px\" \/>\n\t\t\t<\/dt><\/dl><dl class='gallery-item'>\n\t\t\t<dt class='gallery-icon landscape'>\n\t\t\t\t<img loading=\"lazy\" decoding=\"async\" width=\"150\" height=\"150\" src=\"https:\/\/www.sportverband-detmold.de\/wp-content\/uploads\/2024\/04\/logo_hsg-150x150.png\" class=\"attachment-thumbnail size-thumbnail\" alt=\"\" srcset=\"https:\/\/www.sportverband-detmold.de\/wp-content\/uploads\/2024\/04\/logo_hsg-150x150.png 150w, https:\/\/www.sportverband-detmold.de\/wp-content\/uploads\/2024\/04\/logo_hsg-300x300.png 300w, https:\/\/www.sportverband-detmold.de\/wp-content\/uploads\/2024\/04\/logo_hsg-80x80.png 80w, https:\/\/www.sportverband-detmold.de\/wp-content\/uploads\/2024\/04\/logo_hsg-320x320.png 320w, https:\/\/www.sportverband-detmold.de\/wp-content\/uploads\/2024\/04\/logo_hsg.png 500w\" sizes=\"auto, (max-width: 150px) 100vw, 150px\" \/>\n\t\t\t<\/dt><\/dl><dl class='gallery-item'>\n\t\t\t<dt class='gallery-icon landscape'>\n\t\t\t\t<img loading=\"lazy\" decoding=\"async\" width=\"150\" height=\"150\" src=\"https:\/\/www.sportverband-detmold.de\/wp-content\/uploads\/2024\/04\/logo_scp-150x150.png\" class=\"attachment-thumbnail size-thumbnail\" alt=\"\" srcset=\"https:\/\/www.sportverband-detmold.de\/wp-content\/uploads\/2024\/04\/logo_scp-150x150.png 150w, https:\/\/www.sportverband-detmold.de\/wp-content\/uploads\/2024\/04\/logo_scp-300x300.png 300w, https:\/\/www.sportverband-detmold.de\/wp-content\/uploads\/2024\/04\/logo_scp-80x80.png 80w, https:\/\/www.sportverband-detmold.de\/wp-content\/uploads\/2024\/04\/logo_scp-320x320.png 320w, https:\/\/www.sportverband-detmold.de\/wp-content\/uploads\/2024\/04\/logo_scp.png 500w\" sizes=\"auto, (max-width: 150px) 100vw, 150px\" \/>\n\t\t\t<\/dt><\/dl><dl class='gallery-item'>\n\t\t\t<dt class='gallery-icon landscape'>\n\t\t\t\t<img loading=\"lazy\" decoding=\"async\" width=\"150\" height=\"150\" src=\"https:\/\/www.sportverband-detmold.de\/wp-content\/uploads\/2024\/04\/logo_arminia-150x150.png\" class=\"attachment-thumbnail size-thumbnail\" alt=\"\" srcset=\"https:\/\/www.sportverband-detmold.de\/wp-content\/uploads\/2024\/04\/logo_arminia-150x150.png 150w, https:\/\/www.sportverband-detmold.de\/wp-content\/uploads\/2024\/04\/logo_arminia-300x300.png 300w, https:\/\/www.sportverband-detmold.de\/wp-content\/uploads\/2024\/04\/logo_arminia-80x80.png 80w, https:\/\/www.sportverband-detmold.de\/wp-content\/uploads\/2024\/04\/logo_arminia-320x320.png 320w, https:\/\/www.sportverband-detmold.de\/wp-content\/uploads\/2024\/04\/logo_arminia.png 500w\" sizes=\"auto, (max-width: 150px) 100vw, 150px\" \/>\n\t\t\t<\/dt><\/dl><br style=\"clear: both\" \/>\n\t\t<\/div>\n\n<p style=\"font-weight: 400;\"><strong>Unsere Sponsoren:<\/strong><\/p>\n<ul style=\"font-weight: 400;\">\n<li><a href=\"https:\/\/www.lippische.de\/content\/privatkunden\/\" target=\"_blank\" rel=\"noopener\">Lippische Landesbrand Versicherung<\/a><\/li>\n<li><a href=\"https:\/\/www.hotel-baerenstein.de\/\" target=\"_blank\" rel=\"noopener\">Waldhotel B\u00e4renstein<\/a><\/li>\n<li><a href=\"https:\/\/www.lutterbey-uhlig.de\/\" target=\"_blank\" rel=\"noopener\">Lutterbey und Uhlig<\/a><\/li>\n<li><a href=\"https:\/\/tomfluegge.de\/\" target=\"_blank\" rel=\"noopener\">Tom Fl\u00fcgge &#8211; Atelier f\u00fcr Fotografie<\/a><\/li>\n<\/ul>\n<p style=\"font-weight: 400;\"><strong>Detmolder Sportvereine:<\/strong> Unsere Partner im lokalen Sportbereich werden in K\u00fcrze hier aufgef\u00fchrt. <a href=\"https:\/\/www.detmold.de\/startseite\/leben-in-detmold\/sport-und-baeder\/turn-und%20-sportvereine\/\" data-saferedirecturl=\"https:\/\/www.google.com\/url?q=https:\/\/www.detmold.de\/startseite\/leben-in-detmold\/sport-und-baeder\/turn-und%2520-sportvereine\/&amp;source=gmail&amp;ust=1713537087387000&amp;usg=AOvVaw0vqphAd3tpQlTqh5RECS_5\">Link zu den Detmolder Turn- und Sportvereinen<\/a><\/p>\n<p style=\"font-weight: 400;\"><strong>Events:<\/strong> Im Rahmen von Sports4Kids: Besuchen Sie das Heimspiel TBV Lemgo gegen SC Magdeburg am Sonntag, den 05.05.2024, um 18:00 Uhr. Ein unvergessliches Erlebnis f\u00fcr die ganze Familie!<\/p>\n","protected":false},"excerpt":{"rendered":"<p>Willkommen beim Sporthaus-OWL, deiner Anlaufstelle f\u00fcr alles rund um den Sport in Detmold. Wir bieten eine breite Palette von Dienstleistungen f\u00fcr Sportvereine und Sportbegeisterte an, darunter: Beratung f\u00fcr Sportvereine und Sportangebote f\u00fcr Detmolder\/innen Organisation&#46;&#46;&#46;<\/p>\n","protected":false},"author":1,"featured_media":0,"parent":0,"menu_order":0,"comment_status":"closed","ping_status":"closed","template":"","meta":{"footnotes":""},"class_list":["post-19069","page","type-page","status-publish","hentry"],"_links":{"self":[{"href":"https:\/\/www.sportverband-detmold.de\/index.php?rest_route=\/wp\/v2\/pages\/19069","targetHints":{"allow":["GET"]}}],"collection":[{"href":"https:\/\/www.sportverband-detmold.de\/index.php?rest_route=\/wp\/v2\/pages"}],"about":[{"href":"https:\/\/www.sportverband-detmold.de\/index.php?rest_route=\/wp\/v2\/types\/page"}],"author":[{"embeddable":true,"href":"https:\/\/www.sportverband-detmold.de\/index.php?rest_route=\/wp\/v2\/users\/1"}],"replies":[{"embeddable":true,"href":"https:\/\/www.sportverband-detmold.de\/index.php?rest_route=%2Fwp%2Fv2%2Fcomments&post=19069"}],"version-history":[{"count":5,"href":"https:\/\/www.sportverband-detmold.de\/index.php?rest_route=\/wp\/v2\/pages\/19069\/revisions"}],"predecessor-version":[{"id":19128,"href":"https:\/\/www.sportverband-detmold.de\/index.php?rest_route=\/wp\/v2\/pages\/19069\/revisions\/19128"}],"wp:attachment":[{"href":"https:\/\/www.sportverband-detmold.de\/index.php?rest_route=%2Fwp%2Fv2%2Fmedia&parent=19069"}],"curies":[{"name":"wp","href":"https:\/\/api.w.org\/{rel}","templated":true}]}}