{"id":17747,"date":"2023-02-14T15:38:46","date_gmt":"2023-02-14T14:38:46","guid":{"rendered":"https:\/\/www.sportverband-detmold.de\/?page_id=17747"},"modified":"2024-08-16T12:12:53","modified_gmt":"2024-08-16T10:12:53","slug":"foerderprogramme-fuer-vereine","status":"publish","type":"page","link":"https:\/\/www.sportverband-detmold.de\/?page_id=17747","title":{"rendered":"F\u00f6rderprogramme f\u00fcr Vereine"},"content":{"rendered":"<p style=\"font-weight: 400;\"><strong>F\u00fcr Vereine: F\u00f6rderprogamme 2024 als \u00dcbersicht!<\/strong><\/p>\n<p style=\"font-weight: 400;\">Eine \u00dcbersicht zu den F\u00f6rderprogrammen 2024 mit Informationen zur Antragsstellung, zu F\u00f6rdervoraussetzungen und entsprechenden Fristen finden Sie hier:<\/p>\n<p style=\"font-weight: 400;\"><a href=\"https:\/\/www.lsb.nrw\/fileadmin\/global\/media\/Downloadcenter\/Foerderungen\/Foerderportfolio_aktuell.pdf\" data-saferedirecturl=\"https:\/\/www.google.com\/url?q=https:\/\/www.lsb.nrw\/fileadmin\/global\/media\/Downloadcenter\/Foerderungen\/Foerderportfolio_aktuell.pdf&amp;source=gmail&amp;ust=1714820092662000&amp;usg=AOvVaw0BOxDSdUzy_huRz-CvL6cJ\">Foerderportfolio_aktuell.pdf (lsb.nrw)<\/a><\/p>\n<p style=\"font-weight: 400;\"><a href=\"https:\/\/www.lsb.nrw\/service\/foerderungen-zuschuesse\/foerderprogramme-2024\" data-saferedirecturl=\"https:\/\/www.google.com\/url?q=https:\/\/www.lsb.nrw\/service\/foerderungen-zuschuesse\/foerderprogramme-2024&amp;source=gmail&amp;ust=1714820092662000&amp;usg=AOvVaw06csjAuzUwsWJenySJdmjy\">F\u00f6rderprogramme 2024 | Landessportbund Nordrhein-Westfalen e.V. (lsb.nrw)<\/a><\/p>\n<p>&nbsp;<\/p>\n<p><strong>F\u00f6rderprogramme &#8222;Sport inklusiv&#8220;<\/strong><\/p>\n<p><a href=\"https:\/\/www.sportverband-detmold.de\/wp-content\/uploads\/2023\/11\/Foerderprogramme.pdf\"><img loading=\"lazy\" decoding=\"async\" class=\"alignleft size-medium wp-image-18367\" src=\"https:\/\/www.sportverband-detmold.de\/wp-content\/uploads\/2023\/11\/Bildschirmfoto-2023-11-09-um-13.21.55-300x206.png\" alt=\"\" width=\"300\" height=\"206\" srcset=\"https:\/\/www.sportverband-detmold.de\/wp-content\/uploads\/2023\/11\/Bildschirmfoto-2023-11-09-um-13.21.55-300x206.png 300w, https:\/\/www.sportverband-detmold.de\/wp-content\/uploads\/2023\/11\/Bildschirmfoto-2023-11-09-um-13.21.55-1024x705.png 1024w, https:\/\/www.sportverband-detmold.de\/wp-content\/uploads\/2023\/11\/Bildschirmfoto-2023-11-09-um-13.21.55-768x529.png 768w, https:\/\/www.sportverband-detmold.de\/wp-content\/uploads\/2023\/11\/Bildschirmfoto-2023-11-09-um-13.21.55-1536x1057.png 1536w, https:\/\/www.sportverband-detmold.de\/wp-content\/uploads\/2023\/11\/Bildschirmfoto-2023-11-09-um-13.21.55.png 1578w\" sizes=\"auto, (max-width: 300px) 100vw, 300px\" \/><\/a><\/p>\n<p>&nbsp;<\/p>\n<p>&nbsp;<\/p>\n<p>&nbsp;<\/p>\n<p>&nbsp;<\/p>\n<p>&nbsp;<\/p>\n<p>&nbsp;<\/p>\n<p><a href=\"https:\/\/www.sportverband-detmold.de\/wp-content\/uploads\/2024\/05\/Inklusive-Sportangebote_Detmold_StandMaerz24.pdf\">Inklusive Sportangebote_Detmold_StandM\u00e4rz24<\/a><\/p>\n<p><a href=\"https:\/\/www.sportverband-detmold.de\/wp-content\/uploads\/2024\/05\/Foerderprogramme_StandApril24.pdf\">F\u00f6rderprogramme_StandApril24<\/a><\/p>\n<p>&nbsp;<\/p>\n","protected":false},"excerpt":{"rendered":"<p>F\u00fcr Vereine: F\u00f6rderprogamme 2024 als \u00dcbersicht! Eine \u00dcbersicht zu den F\u00f6rderprogrammen 2024 mit Informationen zur Antragsstellung, zu F\u00f6rdervoraussetzungen und entsprechenden Fristen finden Sie hier: Foerderportfolio_aktuell.pdf (lsb.nrw) F\u00f6rderprogramme 2024 | Landessportbund Nordrhein-Westfalen e.V. (lsb.nrw) &nbsp;&#46;&#46;&#46;<\/p>\n","protected":false},"author":1,"featured_media":0,"parent":0,"menu_order":0,"comment_status":"closed","ping_status":"closed","template":"","meta":{"footnotes":""},"class_list":["post-17747","page","type-page","status-publish","hentry"],"_links":{"self":[{"href":"https:\/\/www.sportverband-detmold.de\/index.php?rest_route=\/wp\/v2\/pages\/17747","targetHints":{"allow":["GET"]}}],"collection":[{"href":"https:\/\/www.sportverband-detmold.de\/index.php?rest_route=\/wp\/v2\/pages"}],"about":[{"href":"https:\/\/www.sportverband-detmold.de\/index.php?rest_route=\/wp\/v2\/types\/page"}],"author":[{"embeddable":true,"href":"https:\/\/www.sportverband-detmold.de\/index.php?rest_route=\/wp\/v2\/users\/1"}],"replies":[{"embeddable":true,"href":"https:\/\/www.sportverband-detmold.de\/index.php?rest_route=%2Fwp%2Fv2%2Fcomments&post=17747"}],"version-history":[{"count":22,"href":"https:\/\/www.sportverband-detmold.de\/index.php?rest_route=\/wp\/v2\/pages\/17747\/revisions"}],"predecessor-version":[{"id":19476,"href":"https:\/\/www.sportverband-detmold.de\/index.php?rest_route=\/wp\/v2\/pages\/17747\/revisions\/19476"}],"wp:attachment":[{"href":"https:\/\/www.sportverband-detmold.de\/index.php?rest_route=%2Fwp%2Fv2%2Fmedia&parent=17747"}],"curies":[{"name":"wp","href":"https:\/\/api.w.org\/{rel}","templated":true}]}}